{"id":1613,"date":"2020-06-26T12:30:47","date_gmt":"2020-06-26T12:30:47","guid":{"rendered":"https:\/\/arcticshorex.com\/?page_id=1613"},"modified":"2020-08-02T20:55:57","modified_gmt":"2020-08-02T20:55:57","slug":"privacy-policy","status":"publish","type":"page","link":"https:\/\/arcticshorex.com\/es\/privacy-policy\/","title":{"rendered":"Privacy Policy"},"content":{"rendered":"<div data-elementor-type=\"wp-page\" data-elementor-id=\"1613\" class=\"elementor elementor-1613\" data-elementor-post-type=\"page\">\n\t\t\t\t\t\t<section class=\"elementor-section elementor-top-section elementor-element elementor-element-1582eaf8 elementor-section-stretched elementor-section-full_width elementor-section-height-default elementor-section-height-default\" data-id=\"1582eaf8\" data-element_type=\"section\" data-settings=\"{&quot;stretch_section&quot;:&quot;section-stretched&quot;,&quot;background_background&quot;:&quot;classic&quot;}\">\n\t\t\t\t\t\t<div class=\"elementor-container elementor-column-gap-default\">\n\t\t\t\t\t<div class=\"elementor-column elementor-col-33 elementor-top-column elementor-element elementor-element-71f1e026\" data-id=\"71f1e026\" data-element_type=\"column\">\n\t\t\t<div class=\"elementor-widget-wrap\">\n\t\t\t\t\t\t\t<\/div>\n\t\t<\/div>\n\t\t\t\t<div class=\"elementor-column elementor-col-33 elementor-top-column elementor-element elementor-element-17e12521\" data-id=\"17e12521\" data-element_type=\"column\">\n\t\t\t<div class=\"elementor-widget-wrap elementor-element-populated\">\n\t\t\t\t\t\t<div class=\"elementor-element elementor-element-78bdb67a elementor-widget elementor-widget-spacer\" data-id=\"78bdb67a\" data-element_type=\"widget\" data-widget_type=\"spacer.default\">\n\t\t\t\t<div class=\"elementor-widget-container\">\n\t\t\t\t\t\t\t<div class=\"elementor-spacer\">\n\t\t\t<div class=\"elementor-spacer-inner\"><\/div>\n\t\t<\/div>\n\t\t\t\t\t\t<\/div>\n\t\t\t\t<\/div>\n\t\t\t\t<div class=\"elementor-element elementor-element-289f2a44 elementor-widget elementor-widget-heading\" data-id=\"289f2a44\" data-element_type=\"widget\" data-widget_type=\"heading.default\">\n\t\t\t\t<div class=\"elementor-widget-container\">\n\t\t\t\t\t<h2 class=\"elementor-heading-title elementor-size-default\">Privacy Policy<\/h2>\t\t\t\t<\/div>\n\t\t\t\t<\/div>\n\t\t\t\t<div class=\"elementor-element elementor-element-1a03fe15 elementor-widget elementor-widget-spacer\" data-id=\"1a03fe15\" data-element_type=\"widget\" data-widget_type=\"spacer.default\">\n\t\t\t\t<div class=\"elementor-widget-container\">\n\t\t\t\t\t\t\t<div class=\"elementor-spacer\">\n\t\t\t<div class=\"elementor-spacer-inner\"><\/div>\n\t\t<\/div>\n\t\t\t\t\t\t<\/div>\n\t\t\t\t<\/div>\n\t\t\t\t\t<\/div>\n\t\t<\/div>\n\t\t\t\t<div class=\"elementor-column elementor-col-33 elementor-top-column elementor-element elementor-element-5074baef\" data-id=\"5074baef\" data-element_type=\"column\">\n\t\t\t<div class=\"elementor-widget-wrap\">\n\t\t\t\t\t\t\t<\/div>\n\t\t<\/div>\n\t\t\t\t\t<\/div>\n\t\t<\/section>\n\t\t\t\t<section class=\"elementor-section elementor-top-section elementor-element elementor-element-2aed93a5 elementor-section-boxed elementor-section-height-default elementor-section-height-default\" data-id=\"2aed93a5\" data-element_type=\"section\">\n\t\t\t\t\t\t<div class=\"elementor-container elementor-column-gap-default\">\n\t\t\t\t\t<div class=\"elementor-column elementor-col-100 elementor-top-column elementor-element elementor-element-7d7e9b31\" data-id=\"7d7e9b31\" data-element_type=\"column\">\n\t\t\t<div class=\"elementor-widget-wrap elementor-element-populated\">\n\t\t\t\t\t\t<div class=\"elementor-element elementor-element-28db44bf elementor-widget elementor-widget-text-editor\" data-id=\"28db44bf\" data-element_type=\"widget\" data-widget_type=\"text-editor.default\">\n\t\t\t\t<div class=\"elementor-widget-container\">\n\t\t\t\t\t\t\t\t\t<p>This privacy policy applies to the handling of personal information that you submit to us during the booking and communication process with Arctic Shorex.<\/p>\n<p><span style=\"font-size: 14px;\">We use your personal information to provide and communicate our services to you. You agree to the collection and use of information in accordance with this policy by inquiring about and using our services.<\/span><\/p>\n<h5><b style=\"font-style: inherit;\">Collection and use of information<\/b><\/h5>\n<p>When using our service, you may be asked to provide us with certain personally identifiable information that may be used to contact you or identify you. Personally identifiable information may include, but is not limited to, your name, phone number, address, email address, other information (&#8220;personal information&#8221;).<\/p>\n<h5><b>Registration Data<\/b><\/h5>\n<p>We collect information that your browser sends when you submit forms or make bookings on our website (&#8220;registration data&#8221;). This registration data may include information such as your IP address, browser type, browser version, pages of the service you visit, the time and date of your visit, the time you spent on these pages, and other statistics.<\/p>\n<h5><b>Cookies<\/b><\/h5>\n<p>Cookies are small text files that web pages come on your computer, phone or smart device when you visit them. Cookies are generally used to improve the interface and user experience of the website. Also, the website will provide important information from your previous visits. Cookies are safe, they do not contain code and can not be used to access your computer.<\/p>\n<h5><b>Service Providers<\/b><\/h5>\n<p>We sometimes use third-party companies and individuals to facilitate our services, to provide services on our behalf, or to provide services in this regard.<br><span style=\"font-size: 14px;\">These third parties have access to your personal information solely for the purpose of performing the contracted services on our behalf.<\/span><\/p>\n<h5><b>Security<\/b><\/h5>\n<p>The security of your personal information is important to us, and we use state of the art booking systems and software to process and protect your personal information, but remember that no method of sending data about the Internet or electronic storage method is 100% secure.<\/p>\n<div>&nbsp;<\/div>\t\t\t\t\t\t\t\t<\/div>\n\t\t\t\t<\/div>\n\t\t\t\t\t<\/div>\n\t\t<\/div>\n\t\t\t\t\t<\/div>\n\t\t<\/section>\n\t\t\t\t<\/div>","protected":false},"excerpt":{"rendered":"<p>Privacy Policy This privacy policy applies to the handling of personal information that you submit to us during the booking and communication process with Arctic Shorex. We use your personal information to provide and communicate our services to you. You agree to the collection and use of information in accordance with this policy by inquiring [&hellip;]<\/p>\n","protected":false},"author":2,"featured_media":0,"parent":0,"menu_order":0,"comment_status":"closed","ping_status":"closed","template":"","meta":{"_acf_changed":false,"site-sidebar-layout":"no-sidebar","site-content-layout":"page-builder","ast-site-content-layout":"default","site-content-style":"default","site-sidebar-style":"default","ast-global-header-display":"","ast-banner-title-visibility":"","ast-main-header-display":"","ast-hfb-above-header-display":"","ast-hfb-below-header-display":"","ast-hfb-mobile-header-display":"","site-post-title":"disabled","ast-breadcrumbs-content":"","ast-featured-img":"disabled","footer-sml-layout":"","theme-transparent-header-meta":"default","adv-header-id-meta":"","stick-header-meta":"default","header-above-stick-meta":"","header-main-stick-meta":"","header-below-stick-meta":"","astra-migrate-meta-layouts":"default","ast-page-background-enabled":"default","ast-page-background-meta":{"desktop":{"background-color":"var(--ast-global-color-4)","background-image":"","background-repeat":"repeat","background-position":"center center","background-size":"auto","background-attachment":"scroll","background-type":"","background-media":"","overlay-type":"","overlay-color":"","overlay-opacity":"","overlay-gradient":""},"tablet":{"background-color":"","background-image":"","background-repeat":"repeat","background-position":"center center","background-size":"auto","background-attachment":"scroll","background-type":"","background-media":"","overlay-type":"","overlay-color":"","overlay-opacity":"","overlay-gradient":""},"mobile":{"background-color":"","background-image":"","background-repeat":"repeat","background-position":"center center","background-size":"auto","background-attachment":"scroll","background-type":"","background-media":"","overlay-type":"","overlay-color":"","overlay-opacity":"","overlay-gradient":""}},"ast-content-background-meta":{"desktop":{"background-color":"var(--ast-global-color-5)","background-image":"","background-repeat":"repeat","background-position":"center center","background-size":"auto","background-attachment":"scroll","background-type":"","background-media":"","overlay-type":"","overlay-color":"","overlay-opacity":"","overlay-gradient":""},"tablet":{"background-color":"var(--ast-global-color-5)","background-image":"","background-repeat":"repeat","background-position":"center center","background-size":"auto","background-attachment":"scroll","background-type":"","background-media":"","overlay-type":"","overlay-color":"","overlay-opacity":"","overlay-gradient":""},"mobile":{"background-color":"var(--ast-global-color-5)","background-image":"","background-repeat":"repeat","background-position":"center center","background-size":"auto","background-attachment":"scroll","background-type":"","background-media":"","overlay-type":"","overlay-color":"","overlay-opacity":"","overlay-gradient":""}},"footnotes":""},"class_list":["post-1613","page","type-page","status-publish","hentry"],"acf":[],"yoast_head":"<!-- This site is optimized with the Yoast SEO plugin v27.3 - https:\/\/yoast.com\/product\/yoast-seo-wordpress\/ -->\n<title>Privacy Policy - Arctic Shorex<\/title>\n<meta name=\"description\" content=\"Arctic Shorex focuses exclusively on cruise tours in Iceland &amp; Greenland, catering to travellers who want to complement their cruise holiday with unforgettable and authentic experiences on shore.\" \/>\n<meta name=\"robots\" content=\"index, follow, max-snippet:-1, max-image-preview:large, max-video-preview:-1\" \/>\n<link rel=\"canonical\" href=\"https:\/\/arcticshorex.com\/es\/privacy-policy\/\" \/>\n<meta property=\"og:locale\" content=\"es_ES\" \/>\n<meta property=\"og:type\" content=\"article\" \/>\n<meta property=\"og:title\" content=\"Privacy Policy - Arctic Shorex\" \/>\n<meta property=\"og:description\" content=\"Arctic Shorex focuses exclusively on cruise tours in Iceland &amp; Greenland, catering to travellers who want to complement their cruise holiday with unforgettable and authentic experiences on shore.\" \/>\n<meta property=\"og:url\" content=\"https:\/\/arcticshorex.com\/es\/privacy-policy\/\" \/>\n<meta property=\"og:site_name\" content=\"Arctic Shorex\" \/>\n<meta property=\"article:publisher\" content=\"https:\/\/www.facebook.com\/arcticshorex\/\" \/>\n<meta property=\"article:modified_time\" content=\"2020-08-02T20:55:57+00:00\" \/>\n<meta property=\"og:image\" content=\"https:\/\/arcticshorex.com\/wp-content\/uploads\/2020\/05\/Jokulsarlon-glacier-lagoon.jpg\" \/>\n\t<meta property=\"og:image:width\" content=\"1280\" \/>\n\t<meta property=\"og:image:height\" content=\"720\" \/>\n\t<meta property=\"og:image:type\" content=\"image\/jpeg\" \/>\n<meta name=\"twitter:card\" content=\"summary_large_image\" \/>\n<meta name=\"twitter:site\" content=\"@ArcticShorex\" \/>\n<meta name=\"twitter:label1\" content=\"Tiempo de lectura\" \/>\n\t<meta name=\"twitter:data1\" content=\"2 minutos\" \/>\n<script type=\"application\/ld+json\" class=\"yoast-schema-graph\">{\"@context\":\"https:\\\/\\\/schema.org\",\"@graph\":[{\"@type\":\"WebPage\",\"@id\":\"https:\\\/\\\/arcticshorex.com\\\/de\\\/privacy-policy\\\/\",\"url\":\"https:\\\/\\\/arcticshorex.com\\\/de\\\/privacy-policy\\\/\",\"name\":\"Privacy Policy - Arctic Shorex\",\"isPartOf\":{\"@id\":\"https:\\\/\\\/arcticshorex.com\\\/#website\"},\"datePublished\":\"2020-06-26T12:30:47+00:00\",\"dateModified\":\"2020-08-02T20:55:57+00:00\",\"description\":\"Arctic Shorex focuses exclusively on cruise tours in Iceland & Greenland, catering to travellers who want to complement their cruise holiday with unforgettable and authentic experiences on shore.\",\"breadcrumb\":{\"@id\":\"https:\\\/\\\/arcticshorex.com\\\/de\\\/privacy-policy\\\/#breadcrumb\"},\"inLanguage\":\"es\",\"potentialAction\":[{\"@type\":\"ReadAction\",\"target\":[\"https:\\\/\\\/arcticshorex.com\\\/de\\\/privacy-policy\\\/\"]}]},{\"@type\":\"BreadcrumbList\",\"@id\":\"https:\\\/\\\/arcticshorex.com\\\/de\\\/privacy-policy\\\/#breadcrumb\",\"itemListElement\":[{\"@type\":\"ListItem\",\"position\":1,\"name\":\"Home\",\"item\":\"https:\\\/\\\/arcticshorex.com\\\/\"},{\"@type\":\"ListItem\",\"position\":2,\"name\":\"Privacy Policy\"}]},{\"@type\":\"WebSite\",\"@id\":\"https:\\\/\\\/arcticshorex.com\\\/#website\",\"url\":\"https:\\\/\\\/arcticshorex.com\\\/\",\"name\":\"Arctic Shorex\",\"description\":\"Cruise Tour Experts\",\"publisher\":{\"@id\":\"https:\\\/\\\/arcticshorex.com\\\/#organization\"},\"potentialAction\":[{\"@type\":\"SearchAction\",\"target\":{\"@type\":\"EntryPoint\",\"urlTemplate\":\"https:\\\/\\\/arcticshorex.com\\\/?s={search_term_string}\"},\"query-input\":{\"@type\":\"PropertyValueSpecification\",\"valueRequired\":true,\"valueName\":\"search_term_string\"}}],\"inLanguage\":\"es\"},{\"@type\":\"Organization\",\"@id\":\"https:\\\/\\\/arcticshorex.com\\\/#organization\",\"name\":\"Arctic Shorex\",\"url\":\"https:\\\/\\\/arcticshorex.com\\\/\",\"logo\":{\"@type\":\"ImageObject\",\"inLanguage\":\"es\",\"@id\":\"https:\\\/\\\/arcticshorex.com\\\/#\\\/schema\\\/logo\\\/image\\\/\",\"url\":\"https:\\\/\\\/arcticshorex.com\\\/wp-content\\\/uploads\\\/2020\\\/08\\\/Arctic-Shorex-logo_voucher.jpg\",\"contentUrl\":\"https:\\\/\\\/arcticshorex.com\\\/wp-content\\\/uploads\\\/2020\\\/08\\\/Arctic-Shorex-logo_voucher.jpg\",\"width\":666,\"height\":353,\"caption\":\"Arctic Shorex\"},\"image\":{\"@id\":\"https:\\\/\\\/arcticshorex.com\\\/#\\\/schema\\\/logo\\\/image\\\/\"},\"sameAs\":[\"https:\\\/\\\/www.facebook.com\\\/arcticshorex\\\/\",\"https:\\\/\\\/x.com\\\/ArcticShorex\",\"https:\\\/\\\/www.instagram.com\\\/arcticshorex\\\/\"]}]}<\/script>\n<!-- \/ Yoast SEO plugin. -->","yoast_head_json":{"title":"Privacy Policy - Arctic Shorex","description":"P\u00f3ngase en contacto con Arctic Shorex para realizar excursiones inolvidables al \u00c1rtico. Encuentra nuestra informaci\u00f3n de contacto y ponte en contacto con nosotros para tu pr\u00f3xima aventura.","robots":{"index":"index","follow":"follow","max-snippet":"max-snippet:-1","max-image-preview":"max-image-preview:large","max-video-preview":"max-video-preview:-1"},"canonical":"https:\/\/arcticshorex.com\/es\/privacy-policy\/","og_locale":"es_ES","og_type":"article","og_title":"Privacy Policy - Arctic Shorex","og_description":"Arctic Shorex focuses exclusively on cruise tours in Iceland & Greenland, catering to travellers who want to complement their cruise holiday with unforgettable and authentic experiences on shore.","og_url":"https:\/\/arcticshorex.com\/es\/privacy-policy\/","og_site_name":"Arctic Shorex","article_publisher":"https:\/\/www.facebook.com\/arcticshorex\/","article_modified_time":"2020-08-02T20:55:57+00:00","og_image":[{"width":1280,"height":720,"url":"https:\/\/arcticshorex.com\/wp-content\/uploads\/2020\/05\/Jokulsarlon-glacier-lagoon.jpg","type":"image\/jpeg"}],"twitter_card":"summary_large_image","twitter_site":"@ArcticShorex","twitter_misc":{"Tiempo de lectura":"2 minutos"},"schema":{"@context":"https:\/\/schema.org","@graph":[{"@type":"WebPage","@id":"https:\/\/arcticshorex.com\/de\/privacy-policy\/","url":"https:\/\/arcticshorex.com\/de\/privacy-policy\/","name":"Privacy Policy - Arctic Shorex","isPartOf":{"@id":"https:\/\/arcticshorex.com\/#website"},"datePublished":"2020-06-26T12:30:47+00:00","dateModified":"2020-08-02T20:55:57+00:00","description":"P\u00f3ngase en contacto con Arctic Shorex para realizar excursiones inolvidables al \u00c1rtico. Encuentra nuestra informaci\u00f3n de contacto y ponte en contacto con nosotros para tu pr\u00f3xima aventura.","breadcrumb":{"@id":"https:\/\/arcticshorex.com\/de\/privacy-policy\/#breadcrumb"},"inLanguage":"es","potentialAction":[{"@type":"ReadAction","target":["https:\/\/arcticshorex.com\/de\/privacy-policy\/"]}]},{"@type":"BreadcrumbList","@id":"https:\/\/arcticshorex.com\/de\/privacy-policy\/#breadcrumb","itemListElement":[{"@type":"ListItem","position":1,"name":"Home","item":"https:\/\/arcticshorex.com\/"},{"@type":"ListItem","position":2,"name":"Privacy Policy"}]},{"@type":"WebSite","@id":"https:\/\/arcticshorex.com\/#website","url":"https:\/\/arcticshorex.com\/","name":"Arctic Shorex","description":"Cruise Tour Experts","publisher":{"@id":"https:\/\/arcticshorex.com\/#organization"},"potentialAction":[{"@type":"SearchAction","target":{"@type":"EntryPoint","urlTemplate":"https:\/\/arcticshorex.com\/?s={search_term_string}"},"query-input":{"@type":"PropertyValueSpecification","valueRequired":true,"valueName":"search_term_string"}}],"inLanguage":"es"},{"@type":"Organization","@id":"https:\/\/arcticshorex.com\/#organization","name":"Arctic Shorex","url":"https:\/\/arcticshorex.com\/","logo":{"@type":"ImageObject","inLanguage":"es","@id":"https:\/\/arcticshorex.com\/#\/schema\/logo\/image\/","url":"https:\/\/arcticshorex.com\/wp-content\/uploads\/2020\/08\/Arctic-Shorex-logo_voucher.jpg","contentUrl":"https:\/\/arcticshorex.com\/wp-content\/uploads\/2020\/08\/Arctic-Shorex-logo_voucher.jpg","width":666,"height":353,"caption":"Arctic Shorex"},"image":{"@id":"https:\/\/arcticshorex.com\/#\/schema\/logo\/image\/"},"sameAs":["https:\/\/www.facebook.com\/arcticshorex\/","https:\/\/x.com\/ArcticShorex","https:\/\/www.instagram.com\/arcticshorex\/"]}]}},"_links":{"self":[{"href":"https:\/\/arcticshorex.com\/es\/wp-json\/wp\/v2\/pages\/1613","targetHints":{"allow":["GET"]}}],"collection":[{"href":"https:\/\/arcticshorex.com\/es\/wp-json\/wp\/v2\/pages"}],"about":[{"href":"https:\/\/arcticshorex.com\/es\/wp-json\/wp\/v2\/types\/page"}],"author":[{"embeddable":true,"href":"https:\/\/arcticshorex.com\/es\/wp-json\/wp\/v2\/users\/2"}],"replies":[{"embeddable":true,"href":"https:\/\/arcticshorex.com\/es\/wp-json\/wp\/v2\/comments?post=1613"}],"version-history":[{"count":0,"href":"https:\/\/arcticshorex.com\/es\/wp-json\/wp\/v2\/pages\/1613\/revisions"}],"wp:attachment":[{"href":"https:\/\/arcticshorex.com\/es\/wp-json\/wp\/v2\/media?parent=1613"}],"curies":[{"name":"wp","href":"https:\/\/api.w.org\/{rel}","templated":true}]}}