{"id":4798,"date":"2025-08-27T05:21:48","date_gmt":"2025-08-27T05:21:48","guid":{"rendered":"https:\/\/arcticshorex.com\/?page_id=4798"},"modified":"2025-08-27T06:04:36","modified_gmt":"2025-08-27T06:04:36","slug":"test-form","status":"publish","type":"page","link":"https:\/\/arcticshorex.com\/es\/test-form\/","title":{"rendered":"Test Form"},"content":{"rendered":"<div data-elementor-type=\"wp-page\" data-elementor-id=\"4798\" class=\"elementor elementor-4798\" data-elementor-post-type=\"page\">\n\t\t\t\t\t\t<section class=\"elementor-section elementor-top-section elementor-element elementor-element-a7d1ca7 elementor-section-boxed elementor-section-height-default elementor-section-height-default\" data-id=\"a7d1ca7\" data-element_type=\"section\">\n\t\t\t\t\t\t<div class=\"elementor-container elementor-column-gap-default\">\n\t\t\t\t\t<div class=\"elementor-column elementor-col-100 elementor-top-column elementor-element elementor-element-afd1b22\" data-id=\"afd1b22\" data-element_type=\"column\">\n\t\t\t<div class=\"elementor-widget-wrap elementor-element-populated\">\n\t\t\t\t\t\t<div class=\"elementor-element elementor-element-0d25032 elementor-widget elementor-widget-spacer\" data-id=\"0d25032\" data-element_type=\"widget\" data-widget_type=\"spacer.default\">\n\t\t\t\t<div class=\"elementor-widget-container\">\n\t\t\t\t\t\t\t<div class=\"elementor-spacer\">\n\t\t\t<div class=\"elementor-spacer-inner\"><\/div>\n\t\t<\/div>\n\t\t\t\t\t\t<\/div>\n\t\t\t\t<\/div>\n\t\t\t\t\t<\/div>\n\t\t<\/div>\n\t\t\t\t\t<\/div>\n\t\t<\/section>\n\t\t\t\t<section class=\"elementor-section elementor-top-section elementor-element elementor-element-f8bf60a elementor-section-boxed elementor-section-height-default elementor-section-height-default\" data-id=\"f8bf60a\" data-element_type=\"section\">\n\t\t\t\t\t\t<div class=\"elementor-container elementor-column-gap-default\">\n\t\t\t\t\t<div class=\"elementor-column elementor-col-100 elementor-top-column elementor-element elementor-element-81f7d83\" data-id=\"81f7d83\" data-element_type=\"column\">\n\t\t\t<div class=\"elementor-widget-wrap elementor-element-populated\">\n\t\t\t\t\t\t<div class=\"elementor-element elementor-element-6fcdc76 uael-cf7-style-box uael-cf7-input-size-sm uael-cf7-button-left uael-cf7-btn-size-sm uael-cf7-highlight-style-default elementor-widget elementor-widget-uael-cf7-styler\" data-id=\"6fcdc76\" data-element_type=\"widget\" data-widget_type=\"uael-cf7-styler.default\">\n\t\t\t\t<div class=\"elementor-widget-container\">\n\t\t\t\t\t\t\t\t\t<div class = \"uael-cf7-container\">\n\t\t\t\t\t\t<div class = \"uael-cf7 uael-cf7-style elementor-clickable\">\n\t\t\t\t\t\t\n<div class=\"wpcf7 no-js\" id=\"wpcf7-f4797-o1\" lang=\"en-GB\" dir=\"ltr\" data-wpcf7-id=\"4797\">\n<div class=\"screen-reader-response\"><p role=\"status\" aria-live=\"polite\" aria-atomic=\"true\"><\/p> <ul><\/ul><\/div>\n<form action=\"\/es\/wp-json\/wp\/v2\/pages\/4798#wpcf7-f4797-o1\" method=\"post\" class=\"wpcf7-form init\" aria-label=\"Contact form\" novalidate=\"novalidate\" data-status=\"init\" data-trp-original-action=\"\/es\/wp-json\/wp\/v2\/pages\/4798#wpcf7-f4797-o1\">\n<fieldset class=\"hidden-fields-container\"><input type=\"hidden\" name=\"_wpcf7\" value=\"4797\" \/><input type=\"hidden\" name=\"_wpcf7_version\" value=\"6.1.5\" \/><input type=\"hidden\" name=\"_wpcf7_locale\" value=\"en_GB\" \/><input type=\"hidden\" name=\"_wpcf7_unit_tag\" value=\"wpcf7-f4797-o1\" \/><input type=\"hidden\" name=\"_wpcf7_container_post\" value=\"0\" \/><input type=\"hidden\" name=\"_wpcf7_posted_data_hash\" value=\"\" \/>\n<\/fieldset>\n<div class=\"uacf7-form-wrapper-container uacf7-form-4797\"><label> Your name*\n    <span class=\"wpcf7-form-control-wrap\" data-name=\"your-name\"><input size=\"40\" maxlength=\"400\" class=\"wpcf7-form-control wpcf7-text wpcf7-validates-as-required\" autocomplete=\"name\" aria-required=\"true\" aria-invalid=\"false\" value=\"\" type=\"text\" name=\"your-name\" \/><\/span> <\/label>\n\n<div class=\"uacf7-row\">\n<div class=\"uacf7-col-6\"><label> Your email*\n    <span class=\"wpcf7-form-control-wrap\" data-name=\"your-email\"><input size=\"40\" maxlength=\"400\" class=\"wpcf7-form-control wpcf7-email wpcf7-validates-as-required wpcf7-text wpcf7-validates-as-email\" autocomplete=\"email\" aria-required=\"true\" aria-invalid=\"false\" value=\"\" type=\"email\" name=\"your-email\" \/><\/span> <\/label> <\/div>\n<div class=\"uacf7-col-6\"><label> Your Contact Number*\n    <span class=\"wpcf7-form-control-wrap\" data-name=\"phone\"><input size=\"40\" maxlength=\"400\" class=\"wpcf7-form-control wpcf7-tel wpcf7-text wpcf7-validates-as-tel\" autocomplete=\"tel\" aria-invalid=\"false\" value=\"\" type=\"tel\" name=\"phone\" \/><\/span> <\/label> <\/div>\n<\/div>\n\n\n<div class=\"uacf7-row\"><div class=\"uacf7-col-6\"><label>Port*\n    <span class=\"wpcf7-form-control-wrap\" data-name=\"port\"><select class=\"wpcf7-form-control wpcf7-select\" aria-invalid=\"false\" name=\"port\"><option value=\"Akranes\">Akranes<\/option><option value=\"Akureyri\">Akureyri<\/option><option value=\"Djupivogur\">Djupivogur<\/option><option value=\"Eskifjordur\">Eskifjordur<\/option><option value=\"Grundarfjordur\">Grundarfjordur<\/option><option value=\"Hafnarfjordur\">Hafnarfjordur<\/option><option value=\"Holmavik\">Holmavik<\/option><option value=\"Husavik\">Husavik<\/option><option value=\"Isafjordur\">Isafjordur<\/option><option value=\"Patreksfjordur\">Patreksfjordur<\/option><option value=\"Reykjavik\">Reykjavik<\/option><option value=\"Seydisfjordur\">Seydisfjordur<\/option><option value=\"Siglufjordur\">Siglufjordur<\/option><option value=\"Stykkisholmur\">Stykkisholmur<\/option><option value=\"Torshavn\">Torshavn<\/option><\/select><\/span> <\/label> <\/div><div class=\"uacf7-col-6\">\n<label>Cruise Ship name*\n    <span class=\"wpcf7-form-control-wrap\" data-name=\"cruise\"><input size=\"40\" maxlength=\"400\" class=\"wpcf7-form-control wpcf7-text wpcf7-validates-as-required\" aria-required=\"true\" aria-invalid=\"false\" value=\"\" type=\"text\" name=\"cruise\" \/><\/span> <\/label> <\/div><\/div>\n\n<div class=\"uacf7-row\"><div class=\"uacf7-col-6\"><label>Date of excursion*\n    <span class=\"wpcf7-form-control-wrap\" data-name=\"cruise-date\"><input class=\"wpcf7-form-control wpcf7-date wpcf7-validates-as-required wpcf7-validates-as-date\" aria-required=\"true\" aria-invalid=\"false\" value=\"2025-08-01\" type=\"date\" name=\"cruise-date\" \/><\/span> <\/label><\/div><div class=\"uacf7-col-6\"><label>Number of travellers*\n    <span class=\"wpcf7-form-control-wrap\" data-name=\"people\"><input class=\"wpcf7-form-control wpcf7-number wpcf7-validates-as-required wpcf7-validates-as-number\" min=\"1\" aria-required=\"true\" aria-invalid=\"false\" value=\"\" type=\"number\" name=\"people\" \/><\/span> <\/label> <\/div><\/div>\n\n<div class=\"uacf7-row\"><div class=\"uacf7-col-6\"> \n<label>Preferred activities\/interests <br\/>(Optional)  \n    <span class=\"wpcf7-form-control-wrap\" data-name=\"activities\"><textarea cols=\"40\" rows=\"10\" maxlength=\"2000\" class=\"wpcf7-form-control wpcf7-textarea\" aria-invalid=\"false\" name=\"activities\"><\/textarea><\/span> <\/label> <\/div><div class=\"uacf7-col-6\"><label>Special Needs\/Requests: <br\/>Accessibility requirements\/language preferences (Optional)\n    <span class=\"wpcf7-form-control-wrap\" data-name=\"specialneeds\"><textarea cols=\"40\" rows=\"10\" maxlength=\"2000\" class=\"wpcf7-form-control wpcf7-textarea\" aria-invalid=\"false\" name=\"specialneeds\"><\/textarea><\/span> <\/label> <\/div><\/div>\n\n<label>How Did You Hear About Us? (Optional)\n    <span class=\"wpcf7-form-control-wrap\" data-name=\"howknow\"><span class=\"wpcf7-form-control wpcf7-radio\"><span class=\"wpcf7-list-item first\"><label><input type=\"radio\" name=\"howknow\" value=\"Google Search\" \/><span class=\"wpcf7-list-item-label\">Google Search<\/span><\/label><\/span><span class=\"wpcf7-list-item\"><label><input type=\"radio\" name=\"howknow\" value=\"Social Media\" \/><span class=\"wpcf7-list-item-label\">Social Media<\/span><\/label><\/span><span class=\"wpcf7-list-item\"><label><input type=\"radio\" name=\"howknow\" value=\"News\" \/><span class=\"wpcf7-list-item-label\">News<\/span><\/label><\/span><span class=\"wpcf7-list-item\"><label><input type=\"radio\" name=\"howknow\" value=\"Friends-Family\" \/><span class=\"wpcf7-list-item-label\">Friends-Family<\/span><\/label><\/span><span class=\"wpcf7-list-item\"><label><input type=\"radio\" name=\"howknow\" value=\"Advertisements\" \/><span class=\"wpcf7-list-item-label\">Advertisements<\/span><\/label><\/span><span class=\"wpcf7-list-item last\"><label><input type=\"radio\" name=\"howknow\" value=\"Other\" \/><span class=\"wpcf7-list-item-label\">Other<\/span><\/label><\/span><\/span><\/span> <\/label>\n\n\t\t<span class=\"wpcf7-form-control-wrap uacf7_spam_protection-533\"\n\t\t\tdata-name=\"uacf7_spam_protection-533\">\n\t\t\t<div class=\"uacf7_spam_recognation\" iso2=\"&quot;iso2&quot;\" protection-method=\"&quot;arithmathic_recognation&quot;\" aria-invalid=\"&quot;false&quot;\" name=\"&quot;uacf7_spam_protection-533&quot;\" user-ip=\"&quot;216.73.216.146&quot;\">\n\t\t\t\t\t\t\t\t\t<div id=\"arithmathic_recognation\">\n\t\t\t\t\t\t<div id=\"arithmetic_input_holder\">\n\t\t\t\t\t\t\t<div id=\"arithmetic_cal\">\n\t\t\t\t\t\t\t\t<span id=\"frn\">5<\/span>\n\t\t\t\t\t\t\t\t+\n\t\t\t\t\t\t\t\t<span id=\"srn\">6<\/span>\n\t\t\t\t\t\t\t\t=\n\t\t\t\t\t\t\t<\/div>\n\t\t\t\t\t\t\t<button id=\"arithmathic_refresh\">\n\t\t\t\t\t\t\t\t<svg xmlns=\"http:\/\/www.w3.org\/2000\/svg\"\n\t\t\t\t\t\t\t\t\tviewbox=\"0 0 512 512\"><!--!Font Awesome Free 6.5.2 by @fontawesome - https:\/\/fontawesome.com License - https:\/\/fontawesome.com\/license\/free Copyright 2024 Fonticons, Inc.-->\n\t\t\t\t\t\t\t\t\t<path\n\t\t\t\t\t\t\t\t\t\td=\"M142.9 142.9c62.2-62.2 162.7-62.5 225.3-1L327 183c-6.9 6.9-8.9 17.2-5.2 26.2s12.5 14.8 22.2 14.8H463.5c0 0 0 0 0 0H472c13.3 0 24-10.7 24-24V72c0-9.7-5.8-18.5-14.8-22.2s-19.3-1.7-26.2 5.2L413.4 96.6c-87.6-86.5-228.7-86.2-315.8 1C73.2 122 55.6 150.7 44.8 181.4c-5.9 16.7 2.9 34.9 19.5 40.8s34.9-2.9 40.8-19.5c7.7-21.8 20.2-42.3 37.8-59.8zM16 312v7.6 .7V440c0 9.7 5.8 18.5 14.8 22.2s19.3 1.7 26.2-5.2l41.6-41.6c87.6 86.5 228.7 86.2 315.8-1c24.4-24.4 42.1-53.1 52.9-83.7c5.9-16.7-2.9-34.9-19.5-40.8s-34.9 2.9-40.8 19.5c-7.7 21.8-20.2 42.3-37.8 59.8c-62.2 62.2-162.7 62.5-225.3 1L185 329c6.9-6.9 8.9-17.2 5.2-26.2s-12.5-14.8-22.2-14.8H48.4h-.7H40c-13.3 0-24 10.7-24 24z\" \/>\n\t\t\t\t\t\t\t\t<\/svg>\n\t\t\t\t\t\t\t<\/button>\n\t\t\t\t\t\t\t<input type=\"number\" min=\"0\" id=\"rtn\"\n\t\t\t\t\t\t\t\tplaceholder=\"Enter CAPTCHA answer\" value=\"\">\n\t\t\t\t\t\t<\/div>\n\t\t\t\t\t\t<div>\n\n\t\t\t\t\t\t<\/div>\n\t\t\t\t\t\t<div id=\"arithmathic_result\"><\/div>\n\t\t\t\t\t<\/div>\n\t\t\t\t\n\t\t\t<\/div>\n\t\t<\/span>\n\t\t\n<input class=\"wpcf7-form-control wpcf7-submit has-spinner\" type=\"submit\" value=\"Envia\" \/><\/div><div class=\"wpcf7-response-output\" aria-hidden=\"true\"><\/div>\n<input type=\"hidden\" name=\"trp-form-language\" value=\"es\"\/><\/form>\n<\/div>\n\t\t\t\t\t<\/div>\n\t\t\t\t<\/div>\n\t\t\t\t\t\t\t\t<\/div>\n\t\t\t\t<\/div>\n\t\t\t\t\t<\/div>\n\t\t<\/div>\n\t\t\t\t\t<\/div>\n\t\t<\/section>\n\t\t\t\t<\/div>","protected":false},"excerpt":{"rendered":"<p>Your name Your email Your Contact Number Port Cruise Ship name Date of excursion Number of travellers Preferred activities\/interests (Optional) Special Needs\/Requests: Accessibility requirements\/language preferences (Optional) How Did You Hear About Us? (Optional)<\/p>","protected":false},"author":1,"featured_media":0,"parent":0,"menu_order":0,"comment_status":"closed","ping_status":"closed","template":"","meta":{"_acf_changed":false,"site-sidebar-layout":"no-sidebar","site-content-layout":"page-builder","ast-site-content-layout":"full-width-container","site-content-style":"default","site-sidebar-style":"default","ast-global-header-display":"","ast-banner-title-visibility":"","ast-main-header-display":"","ast-hfb-above-header-display":"","ast-hfb-below-header-display":"","ast-hfb-mobile-header-display":"","site-post-title":"","ast-breadcrumbs-content":"","ast-featured-img":"disabled","footer-sml-layout":"","theme-transparent-header-meta":"","adv-header-id-meta":"","stick-header-meta":"","header-above-stick-meta":"","header-main-stick-meta":"","header-below-stick-meta":"","astra-migrate-meta-layouts":"set","ast-page-background-enabled":"default","ast-page-background-meta":{"desktop":{"background-color":"var(--ast-global-color-4)","background-image":"","background-repeat":"repeat","background-position":"center center","background-size":"auto","background-attachment":"scroll","background-type":"","background-media":"","overlay-type":"","overlay-color":"","overlay-opacity":"","overlay-gradient":""},"tablet":{"background-color":"","background-image":"","background-repeat":"repeat","background-position":"center center","background-size":"auto","background-attachment":"scroll","background-type":"","background-media":"","overlay-type":"","overlay-color":"","overlay-opacity":"","overlay-gradient":""},"mobile":{"background-color":"","background-image":"","background-repeat":"repeat","background-position":"center center","background-size":"auto","background-attachment":"scroll","background-type":"","background-media":"","overlay-type":"","overlay-color":"","overlay-opacity":"","overlay-gradient":""}},"ast-content-background-meta":{"desktop":{"background-color":"var(--ast-global-color-5)","background-image":"","background-repeat":"repeat","background-position":"center center","background-size":"auto","background-attachment":"scroll","background-type":"","background-media":"","overlay-type":"","overlay-color":"","overlay-opacity":"","overlay-gradient":""},"tablet":{"background-color":"var(--ast-global-color-5)","background-image":"","background-repeat":"repeat","background-position":"center center","background-size":"auto","background-attachment":"scroll","background-type":"","background-media":"","overlay-type":"","overlay-color":"","overlay-opacity":"","overlay-gradient":""},"mobile":{"background-color":"var(--ast-global-color-5)","background-image":"","background-repeat":"repeat","background-position":"center center","background-size":"auto","background-attachment":"scroll","background-type":"","background-media":"","overlay-type":"","overlay-color":"","overlay-opacity":"","overlay-gradient":""}},"footnotes":""},"class_list":["post-4798","page","type-page","status-publish","hentry"],"acf":[],"yoast_head":"<!-- This site is optimized with the Yoast SEO plugin v27.3 - https:\/\/yoast.com\/product\/yoast-seo-wordpress\/ -->\n<title>Test Form - Arctic Shorex<\/title>\n<meta name=\"description\" content=\"Arctic Shorex focuses exclusively on cruise tours in Iceland &amp; Greenland, catering to travellers who want to complement their cruise holiday with unforgettable and authentic experiences on shore.\" \/>\n<meta name=\"robots\" content=\"noindex, nofollow\" \/>\n<meta property=\"og:locale\" content=\"es_ES\" \/>\n<meta property=\"og:type\" content=\"article\" \/>\n<meta property=\"og:title\" content=\"Test Form - Arctic Shorex\" \/>\n<meta property=\"og:description\" content=\"Arctic Shorex focuses exclusively on cruise tours in Iceland &amp; Greenland, catering to travellers who want to complement their cruise holiday with unforgettable and authentic experiences on shore.\" \/>\n<meta property=\"og:url\" content=\"https:\/\/arcticshorex.com\/es\/test-form\/\" \/>\n<meta property=\"og:site_name\" content=\"Arctic Shorex\" \/>\n<meta property=\"article:publisher\" content=\"https:\/\/www.facebook.com\/arcticshorex\/\" \/>\n<meta property=\"article:modified_time\" content=\"2025-08-27T06:04:36+00:00\" \/>\n<meta property=\"og:image\" content=\"https:\/\/arcticshorex.com\/wp-content\/uploads\/2020\/05\/Jokulsarlon-glacier-lagoon.jpg\" \/>\n\t<meta property=\"og:image:width\" content=\"1280\" \/>\n\t<meta property=\"og:image:height\" content=\"720\" \/>\n\t<meta property=\"og:image:type\" content=\"image\/jpeg\" \/>\n<meta name=\"twitter:card\" content=\"summary_large_image\" \/>\n<meta name=\"twitter:site\" content=\"@ArcticShorex\" \/>\n<meta name=\"twitter:label1\" content=\"Tiempo de lectura\" \/>\n\t<meta name=\"twitter:data1\" content=\"1 minuto\" \/>\n<script type=\"application\/ld+json\" class=\"yoast-schema-graph\">{\"@context\":\"https:\\\/\\\/schema.org\",\"@graph\":[{\"@type\":\"WebPage\",\"@id\":\"https:\\\/\\\/arcticshorex.com\\\/test-form\\\/\",\"url\":\"https:\\\/\\\/arcticshorex.com\\\/test-form\\\/\",\"name\":\"Test Form - Arctic Shorex\",\"isPartOf\":{\"@id\":\"https:\\\/\\\/arcticshorex.com\\\/#website\"},\"datePublished\":\"2025-08-27T05:21:48+00:00\",\"dateModified\":\"2025-08-27T06:04:36+00:00\",\"description\":\"Arctic Shorex focuses exclusively on cruise tours in Iceland & Greenland, catering to travellers who want to complement their cruise holiday with unforgettable and authentic experiences on shore.\",\"breadcrumb\":{\"@id\":\"https:\\\/\\\/arcticshorex.com\\\/test-form\\\/#breadcrumb\"},\"inLanguage\":\"es\",\"potentialAction\":[{\"@type\":\"ReadAction\",\"target\":[\"https:\\\/\\\/arcticshorex.com\\\/test-form\\\/\"]}]},{\"@type\":\"BreadcrumbList\",\"@id\":\"https:\\\/\\\/arcticshorex.com\\\/test-form\\\/#breadcrumb\",\"itemListElement\":[{\"@type\":\"ListItem\",\"position\":1,\"name\":\"Home\",\"item\":\"https:\\\/\\\/arcticshorex.com\\\/\"},{\"@type\":\"ListItem\",\"position\":2,\"name\":\"Test Form\"}]},{\"@type\":\"WebSite\",\"@id\":\"https:\\\/\\\/arcticshorex.com\\\/#website\",\"url\":\"https:\\\/\\\/arcticshorex.com\\\/\",\"name\":\"Arctic Shorex\",\"description\":\"Cruise Tour Experts\",\"publisher\":{\"@id\":\"https:\\\/\\\/arcticshorex.com\\\/#organization\"},\"potentialAction\":[{\"@type\":\"SearchAction\",\"target\":{\"@type\":\"EntryPoint\",\"urlTemplate\":\"https:\\\/\\\/arcticshorex.com\\\/?s={search_term_string}\"},\"query-input\":{\"@type\":\"PropertyValueSpecification\",\"valueRequired\":true,\"valueName\":\"search_term_string\"}}],\"inLanguage\":\"es\"},{\"@type\":\"Organization\",\"@id\":\"https:\\\/\\\/arcticshorex.com\\\/#organization\",\"name\":\"Arctic Shorex\",\"url\":\"https:\\\/\\\/arcticshorex.com\\\/\",\"logo\":{\"@type\":\"ImageObject\",\"inLanguage\":\"es\",\"@id\":\"https:\\\/\\\/arcticshorex.com\\\/#\\\/schema\\\/logo\\\/image\\\/\",\"url\":\"https:\\\/\\\/arcticshorex.com\\\/wp-content\\\/uploads\\\/2020\\\/08\\\/Arctic-Shorex-logo_voucher.jpg\",\"contentUrl\":\"https:\\\/\\\/arcticshorex.com\\\/wp-content\\\/uploads\\\/2020\\\/08\\\/Arctic-Shorex-logo_voucher.jpg\",\"width\":666,\"height\":353,\"caption\":\"Arctic Shorex\"},\"image\":{\"@id\":\"https:\\\/\\\/arcticshorex.com\\\/#\\\/schema\\\/logo\\\/image\\\/\"},\"sameAs\":[\"https:\\\/\\\/www.facebook.com\\\/arcticshorex\\\/\",\"https:\\\/\\\/x.com\\\/ArcticShorex\",\"https:\\\/\\\/www.instagram.com\\\/arcticshorex\\\/\"]}]}<\/script>\n<!-- \/ Yoast SEO plugin. -->","yoast_head_json":{"title":"Test Form - Arctic Shorex","description":"P\u00f3ngase en contacto con Arctic Shorex para realizar excursiones inolvidables al \u00c1rtico. Encuentra nuestra informaci\u00f3n de contacto y ponte en contacto con nosotros para tu pr\u00f3xima aventura.","robots":{"index":"noindex","follow":"nofollow"},"og_locale":"es_ES","og_type":"article","og_title":"Test Form - Arctic Shorex","og_description":"Arctic Shorex focuses exclusively on cruise tours in Iceland & Greenland, catering to travellers who want to complement their cruise holiday with unforgettable and authentic experiences on shore.","og_url":"https:\/\/arcticshorex.com\/es\/test-form\/","og_site_name":"Arctic Shorex","article_publisher":"https:\/\/www.facebook.com\/arcticshorex\/","article_modified_time":"2025-08-27T06:04:36+00:00","og_image":[{"width":1280,"height":720,"url":"https:\/\/arcticshorex.com\/wp-content\/uploads\/2020\/05\/Jokulsarlon-glacier-lagoon.jpg","type":"image\/jpeg"}],"twitter_card":"summary_large_image","twitter_site":"@ArcticShorex","twitter_misc":{"Tiempo de lectura":"1 minuto"},"schema":{"@context":"https:\/\/schema.org","@graph":[{"@type":"WebPage","@id":"https:\/\/arcticshorex.com\/test-form\/","url":"https:\/\/arcticshorex.com\/test-form\/","name":"Test Form - Arctic Shorex","isPartOf":{"@id":"https:\/\/arcticshorex.com\/#website"},"datePublished":"2025-08-27T05:21:48+00:00","dateModified":"2025-08-27T06:04:36+00:00","description":"P\u00f3ngase en contacto con Arctic Shorex para realizar excursiones inolvidables al \u00c1rtico. Encuentra nuestra informaci\u00f3n de contacto y ponte en contacto con nosotros para tu pr\u00f3xima aventura.","breadcrumb":{"@id":"https:\/\/arcticshorex.com\/test-form\/#breadcrumb"},"inLanguage":"es","potentialAction":[{"@type":"ReadAction","target":["https:\/\/arcticshorex.com\/test-form\/"]}]},{"@type":"BreadcrumbList","@id":"https:\/\/arcticshorex.com\/test-form\/#breadcrumb","itemListElement":[{"@type":"ListItem","position":1,"name":"Home","item":"https:\/\/arcticshorex.com\/"},{"@type":"ListItem","position":2,"name":"Test Form"}]},{"@type":"WebSite","@id":"https:\/\/arcticshorex.com\/#website","url":"https:\/\/arcticshorex.com\/","name":"Arctic Shorex","description":"Cruise Tour Experts","publisher":{"@id":"https:\/\/arcticshorex.com\/#organization"},"potentialAction":[{"@type":"SearchAction","target":{"@type":"EntryPoint","urlTemplate":"https:\/\/arcticshorex.com\/?s={search_term_string}"},"query-input":{"@type":"PropertyValueSpecification","valueRequired":true,"valueName":"search_term_string"}}],"inLanguage":"es"},{"@type":"Organization","@id":"https:\/\/arcticshorex.com\/#organization","name":"Arctic Shorex","url":"https:\/\/arcticshorex.com\/","logo":{"@type":"ImageObject","inLanguage":"es","@id":"https:\/\/arcticshorex.com\/#\/schema\/logo\/image\/","url":"https:\/\/arcticshorex.com\/wp-content\/uploads\/2020\/08\/Arctic-Shorex-logo_voucher.jpg","contentUrl":"https:\/\/arcticshorex.com\/wp-content\/uploads\/2020\/08\/Arctic-Shorex-logo_voucher.jpg","width":666,"height":353,"caption":"Arctic Shorex"},"image":{"@id":"https:\/\/arcticshorex.com\/#\/schema\/logo\/image\/"},"sameAs":["https:\/\/www.facebook.com\/arcticshorex\/","https:\/\/x.com\/ArcticShorex","https:\/\/www.instagram.com\/arcticshorex\/"]}]}},"_links":{"self":[{"href":"https:\/\/arcticshorex.com\/es\/wp-json\/wp\/v2\/pages\/4798","targetHints":{"allow":["GET"]}}],"collection":[{"href":"https:\/\/arcticshorex.com\/es\/wp-json\/wp\/v2\/pages"}],"about":[{"href":"https:\/\/arcticshorex.com\/es\/wp-json\/wp\/v2\/types\/page"}],"author":[{"embeddable":true,"href":"https:\/\/arcticshorex.com\/es\/wp-json\/wp\/v2\/users\/1"}],"replies":[{"embeddable":true,"href":"https:\/\/arcticshorex.com\/es\/wp-json\/wp\/v2\/comments?post=4798"}],"version-history":[{"count":4,"href":"https:\/\/arcticshorex.com\/es\/wp-json\/wp\/v2\/pages\/4798\/revisions"}],"predecessor-version":[{"id":4803,"href":"https:\/\/arcticshorex.com\/es\/wp-json\/wp\/v2\/pages\/4798\/revisions\/4803"}],"wp:attachment":[{"href":"https:\/\/arcticshorex.com\/es\/wp-json\/wp\/v2\/media?parent=4798"}],"curies":[{"name":"wp","href":"https:\/\/api.w.org\/{rel}","templated":true}]}}